{"id":57,"date":"2026-02-13T21:27:55","date_gmt":"2026-02-13T20:27:55","guid":{"rendered":"https:\/\/www.monikarzemien.pl\/?page_id=57"},"modified":"2026-02-13T21:27:58","modified_gmt":"2026-02-13T20:27:58","slug":"polityka-prywatnosci","status":"publish","type":"page","link":"https:\/\/www.monikarzemien.pl\/index.php\/polityka-prywatnosci\/","title":{"rendered":"Polityka prywatno\u015bci"},"content":{"rendered":"\n<p>Administratorem danych osobowych jest<br>Monika Rzemie\u0144<\/p>\n\n\n\n<p>kontakt: hello@monikarzemien.pl<\/p>\n\n\n\n<p>Zbieram dane osobowe w postaci imienia i adresu e-mail w celu wysy\u0142ki newslettera, materia\u0142\u00f3w edukacyjnych oraz informacji o produktach cyfrowych.<\/p>\n\n\n\n<p>Podanie danych jest dobrowolne, ale niezb\u0119dne do otrzymania materia\u0142\u00f3w.<\/p>\n\n\n\n<p>Dane s\u0105 przetwarzane na podstawie wyra\u017conej zgody (art. 6 ust. 1 lit. a RODO).<\/p>\n\n\n\n<p>U\u017cytkownik ma prawo do:<\/p>\n\n\n\n<ul class=\"wp-block-list\">\n<li>dost\u0119pu do swoich danych,<\/li>\n\n\n\n<li>ich poprawiania,<\/li>\n\n\n\n<li>usuni\u0119cia,<\/li>\n\n\n\n<li>ograniczenia przetwarzania,<\/li>\n\n\n\n<li>cofni\u0119cia zgody w dowolnym momencie.<\/li>\n<\/ul>\n\n\n\n<p>Do wysy\u0142ki newslettera korzystam z narz\u0119dzia MailerLite, kt\u00f3re przetwarza dane zgodnie z obowi\u0105zuj\u0105cymi przepisami o ochronie danych osobowych.<\/p>\n\n\n\n<p>Dane nie s\u0105 przekazywane podmiotom trzecim poza us\u0142ugodawcami technicznymi niezb\u0119dnymi do realizacji newslettera.<\/p>\n","protected":false},"excerpt":{"rendered":"<p>Administratorem danych osobowych jestMonika Rzemie\u0144 kontakt: hello@monikarzemien.pl Zbieram dane osobowe w postaci imienia i adresu e-mail w celu wysy\u0142ki newslettera, materia\u0142\u00f3w edukacyjnych oraz informacji o produktach cyfrowych. Podanie danych jest dobrowolne, ale niezb\u0119dne do otrzymania materia\u0142\u00f3w. Dane s\u0105 przetwarzane na podstawie wyra\u017conej zgody (art. 6 ust. 1 lit. a RODO). U\u017cytkownik ma prawo do: Do&#8230;<\/p>\n","protected":false},"author":1,"featured_media":0,"parent":0,"menu_order":0,"comment_status":"closed","ping_status":"closed","template":"","meta":{"_kad_post_transparent":"","_kad_post_title":"","_kad_post_layout":"","_kad_post_sidebar_id":"","_kad_post_content_style":"","_kad_post_vertical_padding":"","_kad_post_feature":"","_kad_post_feature_position":"","_kad_post_header":false,"_kad_post_footer":false,"_kad_post_classname":"","footnotes":""},"class_list":["post-57","page","type-page","status-publish","hentry"],"yoast_head":"<!-- This site is optimized with the Yoast SEO plugin v26.9 - https:\/\/yoast.com\/product\/yoast-seo-wordpress\/ -->\n<title>Polityka prywatno\u015bci - Monika Rzemie\u0144<\/title>\n<meta name=\"robots\" content=\"index, follow, max-snippet:-1, max-image-preview:large, max-video-preview:-1\" \/>\n<link rel=\"canonical\" href=\"https:\/\/www.monikarzemien.pl\/index.php\/polityka-prywatnosci\/\" \/>\n<meta property=\"og:locale\" content=\"pl_PL\" \/>\n<meta property=\"og:type\" content=\"article\" \/>\n<meta property=\"og:title\" content=\"Polityka prywatno\u015bci - Monika Rzemie\u0144\" \/>\n<meta property=\"og:description\" content=\"Administratorem danych osobowych jestMonika Rzemie\u0144 kontakt: hello@monikarzemien.pl Zbieram dane osobowe w postaci imienia i adresu e-mail w celu wysy\u0142ki newslettera, materia\u0142\u00f3w edukacyjnych oraz informacji o produktach cyfrowych. Podanie danych jest dobrowolne, ale niezb\u0119dne do otrzymania materia\u0142\u00f3w. Dane s\u0105 przetwarzane na podstawie wyra\u017conej zgody (art. 6 ust. 1 lit. a RODO). U\u017cytkownik ma prawo do: Do...\" \/>\n<meta property=\"og:url\" content=\"https:\/\/www.monikarzemien.pl\/index.php\/polityka-prywatnosci\/\" \/>\n<meta property=\"og:site_name\" content=\"Monika Rzemie\u0144\" \/>\n<meta property=\"article:modified_time\" content=\"2026-02-13T20:27:58+00:00\" \/>\n<meta name=\"twitter:card\" content=\"summary_large_image\" \/>\n<meta name=\"twitter:label1\" content=\"Szacowany czas czytania\" \/>\n\t<meta name=\"twitter:data1\" content=\"1 minuta\" \/>\n<script type=\"application\/ld+json\" class=\"yoast-schema-graph\">{\"@context\":\"https:\/\/schema.org\",\"@graph\":[{\"@type\":\"WebPage\",\"@id\":\"https:\/\/www.monikarzemien.pl\/index.php\/polityka-prywatnosci\/\",\"url\":\"https:\/\/www.monikarzemien.pl\/index.php\/polityka-prywatnosci\/\",\"name\":\"Polityka prywatno\u015bci - Monika Rzemie\u0144\",\"isPartOf\":{\"@id\":\"https:\/\/www.monikarzemien.pl\/#website\"},\"datePublished\":\"2026-02-13T20:27:55+00:00\",\"dateModified\":\"2026-02-13T20:27:58+00:00\",\"breadcrumb\":{\"@id\":\"https:\/\/www.monikarzemien.pl\/index.php\/polityka-prywatnosci\/#breadcrumb\"},\"inLanguage\":\"pl-PL\",\"potentialAction\":[{\"@type\":\"ReadAction\",\"target\":[\"https:\/\/www.monikarzemien.pl\/index.php\/polityka-prywatnosci\/\"]}]},{\"@type\":\"BreadcrumbList\",\"@id\":\"https:\/\/www.monikarzemien.pl\/index.php\/polityka-prywatnosci\/#breadcrumb\",\"itemListElement\":[{\"@type\":\"ListItem\",\"position\":1,\"name\":\"Strona g\u0142\u00f3wna\",\"item\":\"https:\/\/www.monikarzemien.pl\/\"},{\"@type\":\"ListItem\",\"position\":2,\"name\":\"Polityka prywatno\u015bci\"}]},{\"@type\":\"WebSite\",\"@id\":\"https:\/\/www.monikarzemien.pl\/#website\",\"url\":\"https:\/\/www.monikarzemien.pl\/\",\"name\":\"Monika Rzemie\u0144 - Rozkwitnij Po Raku\",\"description\":\"Holistycznie o zdrowiu \u2022 \u017bycie po raku \u2022  Psychodietetyka  \u2022  ADHD\",\"publisher\":{\"@id\":\"https:\/\/www.monikarzemien.pl\/#\/schema\/person\/4a67875d26bd7f0959c37c11b5d166ec\"},\"potentialAction\":[{\"@type\":\"SearchAction\",\"target\":{\"@type\":\"EntryPoint\",\"urlTemplate\":\"https:\/\/www.monikarzemien.pl\/?s={search_term_string}\"},\"query-input\":{\"@type\":\"PropertyValueSpecification\",\"valueRequired\":true,\"valueName\":\"search_term_string\"}}],\"inLanguage\":\"pl-PL\"},{\"@type\":[\"Person\",\"Organization\"],\"@id\":\"https:\/\/www.monikarzemien.pl\/#\/schema\/person\/4a67875d26bd7f0959c37c11b5d166ec\",\"name\":\"Monika Rzemie\u0144\",\"image\":{\"@type\":\"ImageObject\",\"inLanguage\":\"pl-PL\",\"@id\":\"https:\/\/www.monikarzemien.pl\/#\/schema\/person\/image\/\",\"url\":\"https:\/\/www.monikarzemien.pl\/wp-content\/uploads\/2026\/02\/JA-769x1024.png\",\"contentUrl\":\"https:\/\/www.monikarzemien.pl\/wp-content\/uploads\/2026\/02\/JA-769x1024.png\",\"width\":769,\"height\":1024,\"caption\":\"Monika Rzemie\u0144\"},\"logo\":{\"@id\":\"https:\/\/www.monikarzemien.pl\/#\/schema\/person\/image\/\"},\"sameAs\":[\"http:\/\/www.monikarzemien.pl\",\"https:\/\/www.instagram.com\/rozkwitnij.po.raku\/\"]}]}<\/script>\n<!-- \/ Yoast SEO plugin. -->","yoast_head_json":{"title":"Polityka prywatno\u015bci - Monika Rzemie\u0144","robots":{"index":"index","follow":"follow","max-snippet":"max-snippet:-1","max-image-preview":"max-image-preview:large","max-video-preview":"max-video-preview:-1"},"canonical":"https:\/\/www.monikarzemien.pl\/index.php\/polityka-prywatnosci\/","og_locale":"pl_PL","og_type":"article","og_title":"Polityka prywatno\u015bci - Monika Rzemie\u0144","og_description":"Administratorem danych osobowych jestMonika Rzemie\u0144 kontakt: hello@monikarzemien.pl Zbieram dane osobowe w postaci imienia i adresu e-mail w celu wysy\u0142ki newslettera, materia\u0142\u00f3w edukacyjnych oraz informacji o produktach cyfrowych. Podanie danych jest dobrowolne, ale niezb\u0119dne do otrzymania materia\u0142\u00f3w. Dane s\u0105 przetwarzane na podstawie wyra\u017conej zgody (art. 6 ust. 1 lit. a RODO). U\u017cytkownik ma prawo do: Do...","og_url":"https:\/\/www.monikarzemien.pl\/index.php\/polityka-prywatnosci\/","og_site_name":"Monika Rzemie\u0144","article_modified_time":"2026-02-13T20:27:58+00:00","twitter_card":"summary_large_image","twitter_misc":{"Szacowany czas czytania":"1 minuta"},"schema":{"@context":"https:\/\/schema.org","@graph":[{"@type":"WebPage","@id":"https:\/\/www.monikarzemien.pl\/index.php\/polityka-prywatnosci\/","url":"https:\/\/www.monikarzemien.pl\/index.php\/polityka-prywatnosci\/","name":"Polityka prywatno\u015bci - Monika Rzemie\u0144","isPartOf":{"@id":"https:\/\/www.monikarzemien.pl\/#website"},"datePublished":"2026-02-13T20:27:55+00:00","dateModified":"2026-02-13T20:27:58+00:00","breadcrumb":{"@id":"https:\/\/www.monikarzemien.pl\/index.php\/polityka-prywatnosci\/#breadcrumb"},"inLanguage":"pl-PL","potentialAction":[{"@type":"ReadAction","target":["https:\/\/www.monikarzemien.pl\/index.php\/polityka-prywatnosci\/"]}]},{"@type":"BreadcrumbList","@id":"https:\/\/www.monikarzemien.pl\/index.php\/polityka-prywatnosci\/#breadcrumb","itemListElement":[{"@type":"ListItem","position":1,"name":"Strona g\u0142\u00f3wna","item":"https:\/\/www.monikarzemien.pl\/"},{"@type":"ListItem","position":2,"name":"Polityka prywatno\u015bci"}]},{"@type":"WebSite","@id":"https:\/\/www.monikarzemien.pl\/#website","url":"https:\/\/www.monikarzemien.pl\/","name":"Monika Rzemie\u0144 - Rozkwitnij Po Raku","description":"Holistycznie o zdrowiu \u2022 \u017bycie po raku \u2022  Psychodietetyka  \u2022  ADHD","publisher":{"@id":"https:\/\/www.monikarzemien.pl\/#\/schema\/person\/4a67875d26bd7f0959c37c11b5d166ec"},"potentialAction":[{"@type":"SearchAction","target":{"@type":"EntryPoint","urlTemplate":"https:\/\/www.monikarzemien.pl\/?s={search_term_string}"},"query-input":{"@type":"PropertyValueSpecification","valueRequired":true,"valueName":"search_term_string"}}],"inLanguage":"pl-PL"},{"@type":["Person","Organization"],"@id":"https:\/\/www.monikarzemien.pl\/#\/schema\/person\/4a67875d26bd7f0959c37c11b5d166ec","name":"Monika Rzemie\u0144","image":{"@type":"ImageObject","inLanguage":"pl-PL","@id":"https:\/\/www.monikarzemien.pl\/#\/schema\/person\/image\/","url":"https:\/\/www.monikarzemien.pl\/wp-content\/uploads\/2026\/02\/JA-769x1024.png","contentUrl":"https:\/\/www.monikarzemien.pl\/wp-content\/uploads\/2026\/02\/JA-769x1024.png","width":769,"height":1024,"caption":"Monika Rzemie\u0144"},"logo":{"@id":"https:\/\/www.monikarzemien.pl\/#\/schema\/person\/image\/"},"sameAs":["http:\/\/www.monikarzemien.pl","https:\/\/www.instagram.com\/rozkwitnij.po.raku\/"]}]}},"_links":{"self":[{"href":"https:\/\/www.monikarzemien.pl\/index.php\/wp-json\/wp\/v2\/pages\/57","targetHints":{"allow":["GET"]}}],"collection":[{"href":"https:\/\/www.monikarzemien.pl\/index.php\/wp-json\/wp\/v2\/pages"}],"about":[{"href":"https:\/\/www.monikarzemien.pl\/index.php\/wp-json\/wp\/v2\/types\/page"}],"author":[{"embeddable":true,"href":"https:\/\/www.monikarzemien.pl\/index.php\/wp-json\/wp\/v2\/users\/1"}],"replies":[{"embeddable":true,"href":"https:\/\/www.monikarzemien.pl\/index.php\/wp-json\/wp\/v2\/comments?post=57"}],"version-history":[{"count":1,"href":"https:\/\/www.monikarzemien.pl\/index.php\/wp-json\/wp\/v2\/pages\/57\/revisions"}],"predecessor-version":[{"id":58,"href":"https:\/\/www.monikarzemien.pl\/index.php\/wp-json\/wp\/v2\/pages\/57\/revisions\/58"}],"wp:attachment":[{"href":"https:\/\/www.monikarzemien.pl\/index.php\/wp-json\/wp\/v2\/media?parent=57"}],"curies":[{"name":"wp","href":"https:\/\/api.w.org\/{rel}","templated":true}]}}